{"id":99,"date":"2025-06-25T19:25:51","date_gmt":"2025-06-25T17:25:51","guid":{"rendered":"https:\/\/www.mestonaskale.cz\/pl\/?page_id=99"},"modified":"2025-06-27T12:02:05","modified_gmt":"2025-06-27T10:02:05","slug":"co-warto-odwiedzic","status":"publish","type":"page","link":"https:\/\/www.mestonaskale.cz\/pl\/co-warto-odwiedzic","title":{"rendered":"Co warto odwiedzi\u0107"},"content":{"rendered":"","protected":false},"excerpt":{"rendered":"","protected":false},"author":2,"featured_media":0,"parent":0,"menu_order":0,"comment_status":"closed","ping_status":"closed","template":"","meta":{"footnotes":""},"class_list":["post-99","page","type-page","status-publish","hentry"],"yoast_head":"<!-- This site is optimized with the Yoast SEO plugin v27.5 - https:\/\/yoast.com\/product\/yoast-seo-wordpress\/ -->\n<title>Co warto odwiedzi\u0107 - Miasto na skale<\/title>\n<meta name=\"description\" content=\"Czy interesuje Was, co warto odwiedzi\u0107 w Nowym Mie\u015bcie nad Metuj\u0105? Zapoznajcie si\u0119 z list\u0105 zabytk\u00f3w i miejsc w przyrodzie, i wybierzcie to, co Was najbardziej interesuje.\" \/>\n<meta name=\"robots\" content=\"index, follow, max-snippet:-1, max-image-preview:large, max-video-preview:-1\" \/>\n<link rel=\"canonical\" href=\"https:\/\/www.mestonaskale.cz\/pl\/co-warto-odwiedzic\" \/>\n<meta property=\"og:locale\" content=\"cs_CZ\" \/>\n<meta property=\"og:type\" content=\"article\" \/>\n<meta property=\"og:title\" content=\"Co warto odwiedzi\u0107\" \/>\n<meta property=\"og:description\" content=\"Czy interesuje Was, co warto odwiedzi\u0107 w Nowym Mie\u015bcie nad Metuj\u0105? Zapoznajcie si\u0119 z list\u0105 zabytk\u00f3w i miejsc w przyrodzie, i wybierzcie to, co Was najbardziej interesuje.\" \/>\n<meta property=\"og:url\" content=\"https:\/\/www.mestonaskale.cz\/pl\/co-warto-odwiedzic\" \/>\n<meta property=\"og:site_name\" content=\"Miasto na skale\" \/>\n<meta property=\"article:modified_time\" content=\"2025-06-27T10:02:05+00:00\" \/>\n<meta property=\"og:image\" content=\"https:\/\/www.mestonaskale.cz\/pl\/wp-content\/uploads\/sites\/2\/2025\/06\/Co-navstivit_SEO-FB.png\" \/>\n<meta name=\"twitter:card\" content=\"summary_large_image\" \/>\n<meta name=\"twitter:title\" content=\"Co warto odwiedzi\u0107\" \/>\n<meta name=\"twitter:description\" content=\"Czy interesuje Was, co warto odwiedzi\u0107 w Nowym Mie\u015bcie nad Metuj\u0105? Zapoznajcie si\u0119 z list\u0105 zabytk\u00f3w i miejsc w przyrodzie, i wybierzcie to, co Was najbardziej interesuje.\" \/>\n<meta name=\"twitter:image\" content=\"https:\/\/www.mestonaskale.cz\/pl\/wp-content\/uploads\/sites\/2\/2025\/06\/Co-navstivit_SEO-X.png\" \/>\n<script type=\"application\/ld+json\" class=\"yoast-schema-graph\">{\"@context\":\"https:\\\/\\\/schema.org\",\"@graph\":[{\"@type\":\"WebPage\",\"@id\":\"https:\\\/\\\/www.mestonaskale.cz\\\/pl\\\/co-warto-odwiedzic\",\"url\":\"https:\\\/\\\/www.mestonaskale.cz\\\/pl\\\/co-warto-odwiedzic\",\"name\":\"Co warto odwiedzi\u0107 - Miasto na skale\",\"isPartOf\":{\"@id\":\"https:\\\/\\\/www.mestonaskale.cz\\\/pl\\\/#website\"},\"datePublished\":\"2025-06-25T17:25:51+00:00\",\"dateModified\":\"2025-06-27T10:02:05+00:00\",\"description\":\"Czy interesuje Was, co warto odwiedzi\u0107 w Nowym Mie\u015bcie nad Metuj\u0105? Zapoznajcie si\u0119 z list\u0105 zabytk\u00f3w i miejsc w przyrodzie, i wybierzcie to, co Was najbardziej interesuje.\",\"breadcrumb\":{\"@id\":\"https:\\\/\\\/www.mestonaskale.cz\\\/pl\\\/co-warto-odwiedzic#breadcrumb\"},\"inLanguage\":\"cs\",\"potentialAction\":[{\"@type\":\"ReadAction\",\"target\":[\"https:\\\/\\\/www.mestonaskale.cz\\\/pl\\\/co-warto-odwiedzic\"]}]},{\"@type\":\"BreadcrumbList\",\"@id\":\"https:\\\/\\\/www.mestonaskale.cz\\\/pl\\\/co-warto-odwiedzic#breadcrumb\",\"itemListElement\":[{\"@type\":\"ListItem\",\"position\":1,\"name\":\"Dom\u016f\",\"item\":\"https:\\\/\\\/www.mestonaskale.cz\\\/pl\\\/\"},{\"@type\":\"ListItem\",\"position\":2,\"name\":\"Co warto odwiedzi\u0107\"}]},{\"@type\":\"WebSite\",\"@id\":\"https:\\\/\\\/www.mestonaskale.cz\\\/pl\\\/#website\",\"url\":\"https:\\\/\\\/www.mestonaskale.cz\\\/pl\\\/\",\"name\":\"Miasto na skale\",\"description\":\"Turystyczna strona internetowa Nowego Miasta nad Metuj\u0105\",\"publisher\":{\"@id\":\"https:\\\/\\\/www.mestonaskale.cz\\\/pl\\\/#organization\"},\"potentialAction\":[{\"@type\":\"SearchAction\",\"target\":{\"@type\":\"EntryPoint\",\"urlTemplate\":\"https:\\\/\\\/www.mestonaskale.cz\\\/pl\\\/?s={search_term_string}\"},\"query-input\":{\"@type\":\"PropertyValueSpecification\",\"valueRequired\":true,\"valueName\":\"search_term_string\"}}],\"inLanguage\":\"cs\"},{\"@type\":\"Organization\",\"@id\":\"https:\\\/\\\/www.mestonaskale.cz\\\/pl\\\/#organization\",\"name\":\"Nov\u00e9 M\u011bsto nad Metuj\u00ed\",\"url\":\"https:\\\/\\\/www.mestonaskale.cz\\\/pl\\\/\",\"logo\":{\"@type\":\"ImageObject\",\"inLanguage\":\"cs\",\"@id\":\"https:\\\/\\\/www.mestonaskale.cz\\\/pl\\\/#\\\/schema\\\/logo\\\/image\\\/\",\"url\":\"https:\\\/\\\/www.mestonaskale.cz\\\/pl\\\/wp-content\\\/uploads\\\/sites\\\/2\\\/2025\\\/06\\\/LOGO_NMNM_RGB_poz.svg\",\"contentUrl\":\"https:\\\/\\\/www.mestonaskale.cz\\\/pl\\\/wp-content\\\/uploads\\\/sites\\\/2\\\/2025\\\/06\\\/LOGO_NMNM_RGB_poz.svg\",\"width\":1,\"height\":1,\"caption\":\"Nov\u00e9 M\u011bsto nad Metuj\u00ed\"},\"image\":{\"@id\":\"https:\\\/\\\/www.mestonaskale.cz\\\/pl\\\/#\\\/schema\\\/logo\\\/image\\\/\"}}]}<\/script>\n<!-- \/ Yoast SEO plugin. -->","yoast_head_json":{"title":"Co warto odwiedzi\u0107 - Miasto na skale","description":"Czy interesuje Was, co warto odwiedzi\u0107 w Nowym Mie\u015bcie nad Metuj\u0105? Zapoznajcie si\u0119 z list\u0105 zabytk\u00f3w i miejsc w przyrodzie, i wybierzcie to, co Was najbardziej interesuje.","robots":{"index":"index","follow":"follow","max-snippet":"max-snippet:-1","max-image-preview":"max-image-preview:large","max-video-preview":"max-video-preview:-1"},"canonical":"https:\/\/www.mestonaskale.cz\/pl\/co-warto-odwiedzic","og_locale":"cs_CZ","og_type":"article","og_title":"Co warto odwiedzi\u0107","og_description":"Czy interesuje Was, co warto odwiedzi\u0107 w Nowym Mie\u015bcie nad Metuj\u0105? Zapoznajcie si\u0119 z list\u0105 zabytk\u00f3w i miejsc w przyrodzie, i wybierzcie to, co Was najbardziej interesuje.","og_url":"https:\/\/www.mestonaskale.cz\/pl\/co-warto-odwiedzic","og_site_name":"Miasto na skale","article_modified_time":"2025-06-27T10:02:05+00:00","og_image":[{"url":"https:\/\/www.mestonaskale.cz\/pl\/wp-content\/uploads\/sites\/2\/2025\/06\/Co-navstivit_SEO-FB.png","type":"","width":"","height":""}],"twitter_card":"summary_large_image","twitter_title":"Co warto odwiedzi\u0107","twitter_description":"Czy interesuje Was, co warto odwiedzi\u0107 w Nowym Mie\u015bcie nad Metuj\u0105? Zapoznajcie si\u0119 z list\u0105 zabytk\u00f3w i miejsc w przyrodzie, i wybierzcie to, co Was najbardziej interesuje.","twitter_image":"https:\/\/www.mestonaskale.cz\/pl\/wp-content\/uploads\/sites\/2\/2025\/06\/Co-navstivit_SEO-X.png","schema":{"@context":"https:\/\/schema.org","@graph":[{"@type":"WebPage","@id":"https:\/\/www.mestonaskale.cz\/pl\/co-warto-odwiedzic","url":"https:\/\/www.mestonaskale.cz\/pl\/co-warto-odwiedzic","name":"Co warto odwiedzi\u0107 - Miasto na skale","isPartOf":{"@id":"https:\/\/www.mestonaskale.cz\/pl\/#website"},"datePublished":"2025-06-25T17:25:51+00:00","dateModified":"2025-06-27T10:02:05+00:00","description":"Czy interesuje Was, co warto odwiedzi\u0107 w Nowym Mie\u015bcie nad Metuj\u0105? Zapoznajcie si\u0119 z list\u0105 zabytk\u00f3w i miejsc w przyrodzie, i wybierzcie to, co Was najbardziej interesuje.","breadcrumb":{"@id":"https:\/\/www.mestonaskale.cz\/pl\/co-warto-odwiedzic#breadcrumb"},"inLanguage":"cs","potentialAction":[{"@type":"ReadAction","target":["https:\/\/www.mestonaskale.cz\/pl\/co-warto-odwiedzic"]}]},{"@type":"BreadcrumbList","@id":"https:\/\/www.mestonaskale.cz\/pl\/co-warto-odwiedzic#breadcrumb","itemListElement":[{"@type":"ListItem","position":1,"name":"Dom\u016f","item":"https:\/\/www.mestonaskale.cz\/pl\/"},{"@type":"ListItem","position":2,"name":"Co warto odwiedzi\u0107"}]},{"@type":"WebSite","@id":"https:\/\/www.mestonaskale.cz\/pl\/#website","url":"https:\/\/www.mestonaskale.cz\/pl\/","name":"Miasto na skale","description":"Turystyczna strona internetowa Nowego Miasta nad Metuj\u0105","publisher":{"@id":"https:\/\/www.mestonaskale.cz\/pl\/#organization"},"potentialAction":[{"@type":"SearchAction","target":{"@type":"EntryPoint","urlTemplate":"https:\/\/www.mestonaskale.cz\/pl\/?s={search_term_string}"},"query-input":{"@type":"PropertyValueSpecification","valueRequired":true,"valueName":"search_term_string"}}],"inLanguage":"cs"},{"@type":"Organization","@id":"https:\/\/www.mestonaskale.cz\/pl\/#organization","name":"Nov\u00e9 M\u011bsto nad Metuj\u00ed","url":"https:\/\/www.mestonaskale.cz\/pl\/","logo":{"@type":"ImageObject","inLanguage":"cs","@id":"https:\/\/www.mestonaskale.cz\/pl\/#\/schema\/logo\/image\/","url":"https:\/\/www.mestonaskale.cz\/pl\/wp-content\/uploads\/sites\/2\/2025\/06\/LOGO_NMNM_RGB_poz.svg","contentUrl":"https:\/\/www.mestonaskale.cz\/pl\/wp-content\/uploads\/sites\/2\/2025\/06\/LOGO_NMNM_RGB_poz.svg","width":1,"height":1,"caption":"Nov\u00e9 M\u011bsto nad Metuj\u00ed"},"image":{"@id":"https:\/\/www.mestonaskale.cz\/pl\/#\/schema\/logo\/image\/"}}]}},"_links":{"self":[{"href":"https:\/\/www.mestonaskale.cz\/pl\/wp-json\/wp\/v2\/pages\/99","targetHints":{"allow":["GET"]}}],"collection":[{"href":"https:\/\/www.mestonaskale.cz\/pl\/wp-json\/wp\/v2\/pages"}],"about":[{"href":"https:\/\/www.mestonaskale.cz\/pl\/wp-json\/wp\/v2\/types\/page"}],"author":[{"embeddable":true,"href":"https:\/\/www.mestonaskale.cz\/pl\/wp-json\/wp\/v2\/users\/2"}],"replies":[{"embeddable":true,"href":"https:\/\/www.mestonaskale.cz\/pl\/wp-json\/wp\/v2\/comments?post=99"}],"version-history":[{"count":1,"href":"https:\/\/www.mestonaskale.cz\/pl\/wp-json\/wp\/v2\/pages\/99\/revisions"}],"predecessor-version":[{"id":100,"href":"https:\/\/www.mestonaskale.cz\/pl\/wp-json\/wp\/v2\/pages\/99\/revisions\/100"}],"wp:attachment":[{"href":"https:\/\/www.mestonaskale.cz\/pl\/wp-json\/wp\/v2\/media?parent=99"}],"curies":[{"name":"wp","href":"https:\/\/api.w.org\/{rel}","templated":true}]}}