{"id":67,"date":"2025-12-12T14:55:03","date_gmt":"2025-12-12T13:55:03","guid":{"rendered":"https:\/\/www.mestonaskale.cz\/en\/?page_id=67"},"modified":"2026-01-09T00:40:10","modified_gmt":"2026-01-08T23:40:10","slug":"tourist-information-centre","status":"publish","type":"page","link":"https:\/\/www.mestonaskale.cz\/en\/tourist-information-centre","title":{"rendered":"Tourist Information Centre"},"content":{"rendered":"","protected":false},"excerpt":{"rendered":"","protected":false},"author":2,"featured_media":0,"parent":0,"menu_order":0,"comment_status":"closed","ping_status":"closed","template":"","meta":{"footnotes":""},"class_list":["post-67","page","type-page","status-publish","hentry"],"yoast_head":"<!-- This site is optimized with the Yoast SEO plugin v27.4 - https:\/\/yoast.com\/product\/yoast-seo-wordpress\/ -->\n<title>Tourist Information Centre - A Town on the Rock<\/title>\n<meta name=\"description\" content=\"The Tourist Information Centre offers a wide range of services, including information services, souvenir sales and much more.\" \/>\n<meta name=\"robots\" content=\"index, follow, max-snippet:-1, max-image-preview:large, max-video-preview:-1\" \/>\n<link rel=\"canonical\" href=\"https:\/\/www.mestonaskale.cz\/en\/tourist-information-centre\" \/>\n<meta property=\"og:locale\" content=\"cs_CZ\" \/>\n<meta property=\"og:type\" content=\"article\" \/>\n<meta property=\"og:title\" content=\"Tourist Information Centre - A Town on the Rock\" \/>\n<meta property=\"og:description\" content=\"The Tourist Information Centre offers a wide range of services, including information services, souvenir sales and much more.\" \/>\n<meta property=\"og:url\" content=\"https:\/\/www.mestonaskale.cz\/en\/tourist-information-centre\" \/>\n<meta property=\"og:site_name\" content=\"A Town on the Rock\" \/>\n<meta property=\"article:modified_time\" content=\"2026-01-08T23:40:10+00:00\" \/>\n<meta property=\"og:image\" content=\"https:\/\/www.mestonaskale.cz\/en\/wp-content\/uploads\/sites\/3\/2025\/12\/Informacni-centrum_SEO-FB.png\" \/>\n<meta name=\"twitter:card\" content=\"summary_large_image\" \/>\n<meta name=\"twitter:title\" content=\"Tourist Information Centre - A Town on the Rock\" \/>\n<meta name=\"twitter:description\" content=\"The Tourist Information Centre offers a wide range of services, including information services, souvenir sales and much more.\" \/>\n<meta name=\"twitter:image\" content=\"https:\/\/www.mestonaskale.cz\/en\/wp-content\/uploads\/sites\/3\/2025\/12\/Informacni-centrum_SEO-X.png\" \/>\n<script type=\"application\/ld+json\" class=\"yoast-schema-graph\">{\"@context\":\"https:\\\/\\\/schema.org\",\"@graph\":[{\"@type\":\"WebPage\",\"@id\":\"https:\\\/\\\/www.mestonaskale.cz\\\/en\\\/tourist-information-centre\",\"url\":\"https:\\\/\\\/www.mestonaskale.cz\\\/en\\\/tourist-information-centre\",\"name\":\"Tourist Information Centre - A Town on the Rock\",\"isPartOf\":{\"@id\":\"https:\\\/\\\/www.mestonaskale.cz\\\/en\\\/#website\"},\"datePublished\":\"2025-12-12T13:55:03+00:00\",\"dateModified\":\"2026-01-08T23:40:10+00:00\",\"description\":\"The Tourist Information Centre offers a wide range of services, including information services, souvenir sales and much more.\",\"breadcrumb\":{\"@id\":\"https:\\\/\\\/www.mestonaskale.cz\\\/en\\\/tourist-information-centre#breadcrumb\"},\"inLanguage\":\"cs\",\"potentialAction\":[{\"@type\":\"ReadAction\",\"target\":[\"https:\\\/\\\/www.mestonaskale.cz\\\/en\\\/tourist-information-centre\"]}]},{\"@type\":\"BreadcrumbList\",\"@id\":\"https:\\\/\\\/www.mestonaskale.cz\\\/en\\\/tourist-information-centre#breadcrumb\",\"itemListElement\":[{\"@type\":\"ListItem\",\"position\":1,\"name\":\"Dom\u016f\",\"item\":\"https:\\\/\\\/www.mestonaskale.cz\\\/en\\\/\"},{\"@type\":\"ListItem\",\"position\":2,\"name\":\"Tourist Information Centre\"}]},{\"@type\":\"WebSite\",\"@id\":\"https:\\\/\\\/www.mestonaskale.cz\\\/en\\\/#website\",\"url\":\"https:\\\/\\\/www.mestonaskale.cz\\\/en\\\/\",\"name\":\"A Town on the Rock\",\"description\":\"The official travel guide to Nov\u00e9 M\u011bsto nad Metuj\u00ed\",\"publisher\":{\"@id\":\"https:\\\/\\\/www.mestonaskale.cz\\\/en\\\/#organization\"},\"potentialAction\":[{\"@type\":\"SearchAction\",\"target\":{\"@type\":\"EntryPoint\",\"urlTemplate\":\"https:\\\/\\\/www.mestonaskale.cz\\\/en\\\/?s={search_term_string}\"},\"query-input\":{\"@type\":\"PropertyValueSpecification\",\"valueRequired\":true,\"valueName\":\"search_term_string\"}}],\"inLanguage\":\"cs\"},{\"@type\":\"Organization\",\"@id\":\"https:\\\/\\\/www.mestonaskale.cz\\\/en\\\/#organization\",\"name\":\"A Town on the Rock\",\"url\":\"https:\\\/\\\/www.mestonaskale.cz\\\/en\\\/\",\"logo\":{\"@type\":\"ImageObject\",\"inLanguage\":\"cs\",\"@id\":\"https:\\\/\\\/www.mestonaskale.cz\\\/en\\\/#\\\/schema\\\/logo\\\/image\\\/\",\"url\":\"https:\\\/\\\/www.mestonaskale.cz\\\/en\\\/wp-content\\\/uploads\\\/sites\\\/3\\\/2025\\\/12\\\/Favicon.png\",\"contentUrl\":\"https:\\\/\\\/www.mestonaskale.cz\\\/en\\\/wp-content\\\/uploads\\\/sites\\\/3\\\/2025\\\/12\\\/Favicon.png\",\"width\":1080,\"height\":1080,\"caption\":\"A Town on the Rock\"},\"image\":{\"@id\":\"https:\\\/\\\/www.mestonaskale.cz\\\/en\\\/#\\\/schema\\\/logo\\\/image\\\/\"}}]}<\/script>\n<!-- \/ Yoast SEO plugin. -->","yoast_head_json":{"title":"Tourist Information Centre - A Town on the Rock","description":"The Tourist Information Centre offers a wide range of services, including information services, souvenir sales and much more.","robots":{"index":"index","follow":"follow","max-snippet":"max-snippet:-1","max-image-preview":"max-image-preview:large","max-video-preview":"max-video-preview:-1"},"canonical":"https:\/\/www.mestonaskale.cz\/en\/tourist-information-centre","og_locale":"cs_CZ","og_type":"article","og_title":"Tourist Information Centre - A Town on the Rock","og_description":"The Tourist Information Centre offers a wide range of services, including information services, souvenir sales and much more.","og_url":"https:\/\/www.mestonaskale.cz\/en\/tourist-information-centre","og_site_name":"A Town on the Rock","article_modified_time":"2026-01-08T23:40:10+00:00","og_image":[{"url":"https:\/\/www.mestonaskale.cz\/en\/wp-content\/uploads\/sites\/3\/2025\/12\/Informacni-centrum_SEO-FB.png","type":"","width":"","height":""}],"twitter_card":"summary_large_image","twitter_title":"Tourist Information Centre - A Town on the Rock","twitter_description":"The Tourist Information Centre offers a wide range of services, including information services, souvenir sales and much more.","twitter_image":"https:\/\/www.mestonaskale.cz\/en\/wp-content\/uploads\/sites\/3\/2025\/12\/Informacni-centrum_SEO-X.png","schema":{"@context":"https:\/\/schema.org","@graph":[{"@type":"WebPage","@id":"https:\/\/www.mestonaskale.cz\/en\/tourist-information-centre","url":"https:\/\/www.mestonaskale.cz\/en\/tourist-information-centre","name":"Tourist Information Centre - A Town on the Rock","isPartOf":{"@id":"https:\/\/www.mestonaskale.cz\/en\/#website"},"datePublished":"2025-12-12T13:55:03+00:00","dateModified":"2026-01-08T23:40:10+00:00","description":"The Tourist Information Centre offers a wide range of services, including information services, souvenir sales and much more.","breadcrumb":{"@id":"https:\/\/www.mestonaskale.cz\/en\/tourist-information-centre#breadcrumb"},"inLanguage":"cs","potentialAction":[{"@type":"ReadAction","target":["https:\/\/www.mestonaskale.cz\/en\/tourist-information-centre"]}]},{"@type":"BreadcrumbList","@id":"https:\/\/www.mestonaskale.cz\/en\/tourist-information-centre#breadcrumb","itemListElement":[{"@type":"ListItem","position":1,"name":"Dom\u016f","item":"https:\/\/www.mestonaskale.cz\/en\/"},{"@type":"ListItem","position":2,"name":"Tourist Information Centre"}]},{"@type":"WebSite","@id":"https:\/\/www.mestonaskale.cz\/en\/#website","url":"https:\/\/www.mestonaskale.cz\/en\/","name":"A Town on the Rock","description":"The official travel guide to Nov\u00e9 M\u011bsto nad Metuj\u00ed","publisher":{"@id":"https:\/\/www.mestonaskale.cz\/en\/#organization"},"potentialAction":[{"@type":"SearchAction","target":{"@type":"EntryPoint","urlTemplate":"https:\/\/www.mestonaskale.cz\/en\/?s={search_term_string}"},"query-input":{"@type":"PropertyValueSpecification","valueRequired":true,"valueName":"search_term_string"}}],"inLanguage":"cs"},{"@type":"Organization","@id":"https:\/\/www.mestonaskale.cz\/en\/#organization","name":"A Town on the Rock","url":"https:\/\/www.mestonaskale.cz\/en\/","logo":{"@type":"ImageObject","inLanguage":"cs","@id":"https:\/\/www.mestonaskale.cz\/en\/#\/schema\/logo\/image\/","url":"https:\/\/www.mestonaskale.cz\/en\/wp-content\/uploads\/sites\/3\/2025\/12\/Favicon.png","contentUrl":"https:\/\/www.mestonaskale.cz\/en\/wp-content\/uploads\/sites\/3\/2025\/12\/Favicon.png","width":1080,"height":1080,"caption":"A Town on the Rock"},"image":{"@id":"https:\/\/www.mestonaskale.cz\/en\/#\/schema\/logo\/image\/"}}]}},"_links":{"self":[{"href":"https:\/\/www.mestonaskale.cz\/en\/wp-json\/wp\/v2\/pages\/67","targetHints":{"allow":["GET"]}}],"collection":[{"href":"https:\/\/www.mestonaskale.cz\/en\/wp-json\/wp\/v2\/pages"}],"about":[{"href":"https:\/\/www.mestonaskale.cz\/en\/wp-json\/wp\/v2\/types\/page"}],"author":[{"embeddable":true,"href":"https:\/\/www.mestonaskale.cz\/en\/wp-json\/wp\/v2\/users\/2"}],"replies":[{"embeddable":true,"href":"https:\/\/www.mestonaskale.cz\/en\/wp-json\/wp\/v2\/comments?post=67"}],"version-history":[{"count":1,"href":"https:\/\/www.mestonaskale.cz\/en\/wp-json\/wp\/v2\/pages\/67\/revisions"}],"predecessor-version":[{"id":69,"href":"https:\/\/www.mestonaskale.cz\/en\/wp-json\/wp\/v2\/pages\/67\/revisions\/69"}],"wp:attachment":[{"href":"https:\/\/www.mestonaskale.cz\/en\/wp-json\/wp\/v2\/media?parent=67"}],"curies":[{"name":"wp","href":"https:\/\/api.w.org\/{rel}","templated":true}]}}